{"id":208,"date":"2013-04-29T11:24:56","date_gmt":"2013-04-29T11:24:56","guid":{"rendered":"http:\/\/diarium.usal.es\/ralves\/?page_id=208"},"modified":"2024-12-16T12:45:35","modified_gmt":"2024-12-16T12:45:35","slug":"contacto","status":"publish","type":"page","link":"http:\/\/bitsandbytes.fis.usal.es\/wordpress\/contacto\/","title":{"rendered":"Contacto"},"content":{"rendered":"<p style=\"text-align: left;\" align=\"right\">Ra\u00fal Alves Santos<br \/>\nProfesor Contratado Doctor<\/p>\n<p style=\"text-align: left;\">Departamento de&nbsp;<a title=\"Nueva ventana a la p\u00e1gina WEB del Departamento de Inform\u00e1tica y Autom\u00e1tica\" href=\"http:\/\/dptoia.usal.es\/\" target=\"_blank\" rel=\"noopener\">Inform\u00e1tica y Autom\u00e1tica&nbsp;<\/a><br \/>\n\u00c1rea de&nbsp;<em>Arquitectura y Tecnolog\u00eda de Computadores<\/em><\/p>\n<p style=\"text-align: left;\" align=\"right\">Facultad de Ciencias (Despacho F3016)<br \/>\nPlaza de los Ca\u00eddos S\/N<br \/>\n37008 Salamanca (Espa\u00f1a)<\/p>\n<p>Tlf: +34-923294400 Ext.: 6083<br \/>\nFax: +34-923294514<br \/>\nralves@usal.es<\/p>\n","protected":false},"excerpt":{"rendered":"<p>Ra\u00fal Alves Santos Profesor Contratado Doctor Departamento de&nbsp;Inform\u00e1tica y Autom\u00e1tica&nbsp; \u00c1rea de&nbsp;Arquitectura y Tecnolog\u00eda de Computadores Facultad de Ciencias (Despacho F3016) Plaza de los Ca\u00eddos S\/N 37008 Salamanca (Espa\u00f1a) Tlf: +34-923294400 Ext.: 6083 Fax: +34-923294514 ralves@usal.es<\/p>\n","protected":false},"author":1,"featured_media":46,"parent":0,"menu_order":9,"comment_status":"closed","ping_status":"closed","template":"","meta":{"ngg_post_thumbnail":0,"footnotes":""},"class_list":["post-208","page","type-page","status-publish","has-post-thumbnail","hentry"],"_links":{"self":[{"href":"http:\/\/bitsandbytes.fis.usal.es\/wordpress\/wp-json\/wp\/v2\/pages\/208","targetHints":{"allow":["GET"]}}],"collection":[{"href":"http:\/\/bitsandbytes.fis.usal.es\/wordpress\/wp-json\/wp\/v2\/pages"}],"about":[{"href":"http:\/\/bitsandbytes.fis.usal.es\/wordpress\/wp-json\/wp\/v2\/types\/page"}],"author":[{"embeddable":true,"href":"http:\/\/bitsandbytes.fis.usal.es\/wordpress\/wp-json\/wp\/v2\/users\/1"}],"replies":[{"embeddable":true,"href":"http:\/\/bitsandbytes.fis.usal.es\/wordpress\/wp-json\/wp\/v2\/comments?post=208"}],"version-history":[{"count":1,"href":"http:\/\/bitsandbytes.fis.usal.es\/wordpress\/wp-json\/wp\/v2\/pages\/208\/revisions"}],"predecessor-version":[{"id":11950,"href":"http:\/\/bitsandbytes.fis.usal.es\/wordpress\/wp-json\/wp\/v2\/pages\/208\/revisions\/11950"}],"wp:featuredmedia":[{"embeddable":true,"href":"http:\/\/bitsandbytes.fis.usal.es\/wordpress\/wp-json\/wp\/v2\/media\/46"}],"wp:attachment":[{"href":"http:\/\/bitsandbytes.fis.usal.es\/wordpress\/wp-json\/wp\/v2\/media?parent=208"}],"curies":[{"name":"wp","href":"https:\/\/api.w.org\/{rel}","templated":true}]}}